{"id":53,"date":"2020-07-08T22:25:42","date_gmt":"2020-07-08T20:25:42","guid":{"rendered":"http:\/\/glattal-apo.de\/glapo\/?page_id=53"},"modified":"2021-06-17T08:46:55","modified_gmt":"2021-06-17T06:46:55","slug":"impressum","status":"publish","type":"page","link":"http:\/\/glattal-apo.de\/glapo\/impressum\/","title":{"rendered":"Impressum"},"content":{"rendered":"\n<h3><strong>Angaben gem\u00e4\u00df \u00a7 5 TMG<\/strong><\/h3>\n\n\n\n<p><strong>Glattal Apotheke<\/strong> Inhaberin My Thanh Schmidt e.K.<br>Lombacher Stra\u00dfe 3<br>72293 Glatten<br>Deutschland<\/p>\n\n\n\n<p><strong>Tel<\/strong>: 07443 1511<br><strong>Fax<\/strong>: 07443 1734001<br><strong>E-Mail<\/strong>: <a href=\"mailto:info@apotheke-glatten.de\" data-type=\"mailto\" data-id=\"mailto:info@apotheke-glatten.de\"><a href=\"javascript:;\">info@apotheke-glatten.de<\/a><\/a><\/p>\n\n\n\n<p><strong>Handelsregister<\/strong>: HRA 736811<br><strong>Registergericht<\/strong>: Amtsgericht Stuttgart <\/p>\n\n\n\n<p><strong>Umsatzsteuer-Identifikationsnummer<\/strong><br>gem\u00e4\u00df \u00a727 a Umsatzsteuergesetz: <br>DE229489536<\/p>\n\n\n\n<p><strong>Zust\u00e4ndige Aufsichtsbeh\u00f6rde<br><\/strong>Regierungspr\u00e4sidium Karlsruhe<br>Referat 25 \u2013 \u00c4rztliche und pharmazeutische Angelegenheiten<br>Schlossplatz 1 &#8211; 3<br>76131 Karlsruhe<br>Tel: 0721 926-0<br>Fax: 0721 93340211<br><a href=\"mailto:poststelle@rpk.bwl.de\">poststelle@rpk.bwl.de<\/a><br><a href=\"http:\/\/www.rp-karlsruhe.de\/\" target=\"_blank\" rel=\"noreferrer noopener\">http:\/\/www.rp-karlsruhe.de<\/a><\/p>\n\n\n\n<p><strong>Zust\u00e4ndige Kammer<br><\/strong>Landesapothekerkammer Baden-W\u00fcrttemberg<br>Villastr. 1<br>70190 Stuttgart<br><a href=\"mailto:info@lak-bw.de\">info@lak-bw.de<\/a><br><a rel=\"noreferrer noopener\" href=\"https:\/\/www.lak-bw.de\/\" target=\"_blank\">http<\/a><a href=\"https:\/\/www.lak-bw.de\/\" target=\"_blank\" rel=\"noreferrer noopener\">s<\/a><a rel=\"noreferrer noopener\" href=\"https:\/\/www.lak-bw.de\/\" target=\"_blank\">:\/\/www.lak-bw.de<\/a><\/p>\n\n\n\n<p><strong>Zust\u00e4ndiger Apothekerverband<\/strong><br>Landesapothekerverband<br>Baden-W\u00fcrttemberg e.V.<br>H\u00f6lderlinstr. 12<br>70174 Stuttgart<br><a href=\"mailto:info@apotheker.de\">info@apotheker.de<\/a><br><a href=\"http:\/\/www.apotheker.de\/\" target=\"_blank\" rel=\"noreferrer noopener\">http:\/\/www.apotheker.de<\/a><\/p>\n\n\n\n<p><strong>Berufsbezeichnung:&nbsp;<\/strong>Apothekerin<br><strong>Staat, der die Berufsbezeichnung verliehen hat<\/strong>: Deutschland<\/p>\n\n\n\n<p><strong>Berufsrechtliche Regelung<\/strong><br>Landesapothekerkammer Baden-W\u00fcrttemberg<br><a href=\"http:\/\/www.lak-bw.de\/\">http:\/\/www.lak-bw.de<\/a><\/p>\n\n\n\n<p><strong>Bundes-Apothekenordung<\/strong><br><a href=\"http:\/\/www.gesetze-im-internet.de\" target=\"_blank\" rel=\"noreferrer noopener\">http:\/\/www.gesetze-im-internet.de<\/a><\/p>\n\n\n\n<p><strong>Apothekengesetz<\/strong><br><a href=\"http:\/\/www.gesetze-im-internet.de\" target=\"_blank\" rel=\"noreferrer noopener\">http:\/\/www.gesetze-im-internet.de<\/a><\/p>\n\n\n\n<p><strong>Apothekenbetriebsordung<\/strong><br><a href=\"http:\/\/www.gesetze-im-internet.de\" target=\"_blank\" rel=\"noreferrer noopener\">http:\/\/www.gesetze-im-internet.de<\/a><\/p>\n\n\n\n<p><strong>Angaben zur Berufshaftpflichtversicherung<\/strong><br>Name und Sitz des Versicherers:<br>Allianz Versicherungs-AG<br>10900 Berlin<br><strong>Geltungsraum der Versicherung<\/strong>:<br>Deutschland<\/p>\n\n\n\n<p><strong>Verantwortlich f\u00fcr den Inhalt nach \u00a7 55 Abs. 2 RStV<\/strong><br>My Thanh Schmidt<br>Markstrasse 8<br>72275 Alpirsbach<\/p>\n\n\n\n<p><strong>EU-Streitschlichtung<\/strong><br>Die Europ\u00e4ische Kommission stellt eine Plattform zur Online-Streitbeilegung (OS) bereit:<br><a href=\"https:\/\/ec.europa.eu\/consumers\/odr\" target=\"_blank\" rel=\"noreferrer noopener\">https:\/\/ec.europa.eu\/consumers\/odr<\/a>.<br>Unsere E-Mail-Adresse finden Sie oben im Impressum.<\/p>\n\n\n\n<p><strong>Verbraucherstreitbeilegung\/Universalschlichtungsstelle<\/strong><br>Wir sind nicht bereit oder verpflichtet, an Streitbeilegungsverfahren vor einer Verbraucherschlichtungsstelle teilzunehmen.<\/p>\n\n\n\n<p><strong>Haftung f\u00fcr Inhalte<\/strong><br>Als Diensteanbieter sind wir gem\u00e4\u00df \u00a7 7 Abs.1 TMG f\u00fcr eigene Inhalte auf diesen Seiten nach den allgemeinen Gesetzen verantwortlich. Nach \u00a7\u00a7 8 bis 10 TMG sind wir als Diensteanbieter jedoch nicht verpflichtet, \u00fcbermittelte oder gespeicherte fremde Informationen zu \u00fcberwachen oder nach Umst\u00e4nden zu forschen, die auf eine rechtswidrige T\u00e4tigkeit hinweisen.<\/p>\n\n\n\n<p>Verpflichtungen zur Entfernung oder Sperrung der Nutzung von Informationen nach den allgemeinen Gesetzen bleiben hiervon unber\u00fchrt. Eine diesbez\u00fcgliche Haftung ist jedoch erst ab dem Zeitpunkt der Kenntnis einer konkreten Rechtsverletzung m\u00f6glich. Bei Bekanntwerden von entsprechenden Rechtsverletzungen werden wir diese Inhalte umgehend entfernen.<\/p>\n\n\n\n<p><strong>Haftung f\u00fcr Links<\/strong><br>Unser Angebot enth\u00e4lt Links zu externen Websites Dritter, auf deren Inhalte wir keinen Einfluss haben. Deshalb k\u00f6nnen wir f\u00fcr diese fremden Inhalte auch keine Gew\u00e4hr \u00fcbernehmen. F\u00fcr die Inhalte der verlinkten Seiten ist stets der jeweilige Anbieter oder Betreiber der Seiten verantwortlich. Die verlinkten Seiten wurden zum Zeitpunkt der Verlinkung auf m\u00f6gliche Rechtsverst\u00f6\u00dfe \u00fcberpr\u00fcft. Rechtswidrige Inhalte waren zum Zeitpunkt der Verlinkung nicht erkennbar.<\/p>\n\n\n\n<p>Eine permanente inhaltliche Kontrolle der verlinkten Seiten ist jedoch ohne konkrete Anhaltspunkte einer Rechtsverletzung nicht zumutbar. Bei Bekanntwerden von Rechtsverletzungen werden wir derartige Links umgehend entfernen.<\/p>\n\n\n\n<p><strong>Urheberrecht<\/strong><br>Die durch die Seitenbetreiber erstellten Inhalte und Werke auf diesen Seiten unterliegen dem deutschen Urheberrecht. Die Vervielf\u00e4ltigung, Bearbeitung, Verbreitung und jede Art der Verwertung au\u00dferhalb der Grenzen des Urheberrechtes bed\u00fcrfen der schriftlichen Zustimmung des jeweiligen Autors bzw. Erstellers. Downloads und Kopien dieser Seite sind nur f\u00fcr den privaten, nicht kommerziellen Gebrauch gestattet.<\/p>\n\n\n\n<p>Soweit die Inhalte auf dieser Seite nicht vom Betreiber erstellt wurden, werden die Urheberrechte Dritter beachtet. Insbesondere werden Inhalte Dritter als solche gekennzeichnet. Sollten Sie trotzdem auf eine Urheberrechtsverletzung aufmerksam werden, bitten wir um einen entsprechenden Hinweis. Bei Bekanntwerden von Rechtsverletzungen werden wir derartige Inhalte umgehend entfernen.<\/p>\n\n\n\n<p>Quelle:<br><a href=\"https:\/\/www.e-recht24.de\" target=\"_blank\" rel=\"noreferrer noopener\">eRecht24<\/a><\/p>\n","protected":false},"excerpt":{"rendered":"<p>Angaben gem\u00e4\u00df \u00a7 5 TMG Glattal Apotheke Inhaberin My Thanh Schmidt e.K.Lombacher Stra\u00dfe 372293 GlattenDeutschland Tel: 07443 1511Fax: 07443 1734001E-Mail: info@apotheke-glatten.de Handelsregister: HRA 736811Registergericht: Amtsgericht Stuttgart Umsatzsteuer-Identifikationsnummergem\u00e4\u00df \u00a727 a Umsatzsteuergesetz: DE229489536 Zust\u00e4ndige Aufsichtsbeh\u00f6rdeRegierungspr\u00e4sidium KarlsruheReferat 25 \u2013 \u00c4rztliche und pharmazeutische AngelegenheitenSchlossplatz 1 &#8211; 376131 KarlsruheTel: 0721 926-0Fax: 0721 93340211poststelle@rpk.bwl.dehttp:\/\/www.rp-karlsruhe.de Zust\u00e4ndige KammerLandesapothekerkammer Baden-W\u00fcrttembergVillastr. 170190 Stuttgartinfo@lak-bw.dehttps:\/\/www.lak-bw.de Zust\u00e4ndiger ApothekerverbandLandesapothekerverbandBaden-W\u00fcrttemberg [&hellip;]<\/p>\n","protected":false},"author":1,"featured_media":0,"parent":0,"menu_order":0,"comment_status":"closed","ping_status":"closed","template":"","meta":[],"_links":{"self":[{"href":"http:\/\/glattal-apo.de\/glapo\/wp-json\/wp\/v2\/pages\/53"}],"collection":[{"href":"http:\/\/glattal-apo.de\/glapo\/wp-json\/wp\/v2\/pages"}],"about":[{"href":"http:\/\/glattal-apo.de\/glapo\/wp-json\/wp\/v2\/types\/page"}],"author":[{"embeddable":true,"href":"http:\/\/glattal-apo.de\/glapo\/wp-json\/wp\/v2\/users\/1"}],"replies":[{"embeddable":true,"href":"http:\/\/glattal-apo.de\/glapo\/wp-json\/wp\/v2\/comments?post=53"}],"version-history":[{"count":27,"href":"http:\/\/glattal-apo.de\/glapo\/wp-json\/wp\/v2\/pages\/53\/revisions"}],"predecessor-version":[{"id":170,"href":"http:\/\/glattal-apo.de\/glapo\/wp-json\/wp\/v2\/pages\/53\/revisions\/170"}],"wp:attachment":[{"href":"http:\/\/glattal-apo.de\/glapo\/wp-json\/wp\/v2\/media?parent=53"}],"curies":[{"name":"wp","href":"https:\/\/api.w.org\/{rel}","templated":true}]}}